{"id":33,"date":"2025-09-03T21:02:35","date_gmt":"2025-09-04T02:02:35","guid":{"rendered":"https:\/\/ssi.org.co\/open\/?page_id=33"},"modified":"2025-09-16T09:51:10","modified_gmt":"2025-09-16T14:51:10","slug":"contacto","status":"publish","type":"page","link":"https:\/\/ssi.org.co\/open\/contacto\/","title":{"rendered":"Contacto"},"content":{"rendered":"\t\t<div data-elementor-type=\"wp-page\" data-elementor-id=\"33\" class=\"elementor elementor-33\" data-elementor-post-type=\"page\">\n\t\t\t\t<div class=\"elementor-element elementor-element-a611242 e-flex e-con-boxed e-con e-parent\" data-id=\"a611242\" data-element_type=\"container\">\n\t\t\t\t\t<div class=\"e-con-inner\">\n\t\t\t\t<div class=\"elementor-element elementor-element-f7e6a6e elementor-widget elementor-widget-heading\" data-id=\"f7e6a6e\" data-element_type=\"widget\" data-widget_type=\"heading.default\">\n\t\t\t\t<div class=\"elementor-widget-container\">\n\t\t\t\t\t<h2 class=\"elementor-heading-title elementor-size-default\">Nuestro Equipo<\/h2>\t\t\t\t<\/div>\n\t\t\t\t<\/div>\n\t\t\t\t\t<\/div>\n\t\t\t\t<\/div>\n\t\t<div class=\"elementor-element elementor-element-043764c e-flex e-con-boxed e-con e-parent\" data-id=\"043764c\" data-element_type=\"container\">\n\t\t\t\t\t<div class=\"e-con-inner\">\n\t\t<div class=\"elementor-element elementor-element-6fda024 e-con-full e-flex e-con e-child\" data-id=\"6fda024\" data-element_type=\"container\">\n\t\t\t\t<div class=\"elementor-element elementor-element-6884e93 elementor-widget elementor-widget-image\" data-id=\"6884e93\" data-element_type=\"widget\" data-widget_type=\"image.default\">\n\t\t\t\t<div class=\"elementor-widget-container\">\n\t\t\t\t\t\t\t\t\t\t\t\t\t\t\t<img decoding=\"async\" src=\"https:\/\/ssi.org.co\/open\/wp-content\/uploads\/elementor\/thumbs\/Edward-Salamanca-rd8a6zitoua2dsouh52jfetmj2cpyir6r6yi72k4o0.png\" title=\"Edward Salamanca\" alt=\"Foto Edward Salamanca\" loading=\"lazy\" \/>\t\t\t\t\t\t\t\t\t\t\t\t\t\t\t<\/div>\n\t\t\t\t<\/div>\n\t\t\t\t<div class=\"elementor-element elementor-element-21a1979 elementor-widget elementor-widget-heading\" data-id=\"21a1979\" data-element_type=\"widget\" data-widget_type=\"heading.default\">\n\t\t\t\t<div class=\"elementor-widget-container\">\n\t\t\t\t\t<h2 class=\"elementor-heading-title elementor-size-default\">Ing. Edward Salamanca <\/h2>\t\t\t\t<\/div>\n\t\t\t\t<\/div>\n\t\t\t\t<div class=\"elementor-element elementor-element-a21aab9 elementor-widget elementor-widget-text-editor\" data-id=\"a21aab9\" data-element_type=\"widget\" data-widget_type=\"text-editor.default\">\n\t\t\t\t<div class=\"elementor-widget-container\">\n\t\t\t\t\t\t\t\t\t<p><strong>DIRECTOR EJECUTIVO<\/strong><\/p><p>318 494 3097<\/p>\t\t\t\t\t\t\t\t<\/div>\n\t\t\t\t<\/div>\n\t\t\t\t<\/div>\n\t\t<div class=\"elementor-element elementor-element-72fe018 e-con-full e-flex e-con e-child\" data-id=\"72fe018\" data-element_type=\"container\">\n\t\t\t\t<div class=\"elementor-element elementor-element-7d019bf elementor-widget elementor-widget-image\" data-id=\"7d019bf\" data-element_type=\"widget\" data-widget_type=\"image.default\">\n\t\t\t\t<div class=\"elementor-widget-container\">\n\t\t\t\t\t\t\t\t\t\t\t\t\t\t\t<img decoding=\"async\" src=\"https:\/\/ssi.org.co\/open\/wp-content\/uploads\/elementor\/thumbs\/Luz-Helena-Rodriguez-Prada-rd8a6zitoua2dsouh52jfetmj2cpyir6r6yi72k4o0.png\" title=\"Luz Helena Rodr\u00edguez Prada\" alt=\"Luz Helena Rodr\u00edguez Prada\" loading=\"lazy\" \/>\t\t\t\t\t\t\t\t\t\t\t\t\t\t\t<\/div>\n\t\t\t\t<\/div>\n\t\t\t\t<div class=\"elementor-element elementor-element-b6d6d17 elementor-widget elementor-widget-heading\" data-id=\"b6d6d17\" data-element_type=\"widget\" data-widget_type=\"heading.default\">\n\t\t\t\t<div class=\"elementor-widget-container\">\n\t\t\t\t\t<h2 class=\"elementor-heading-title elementor-size-default\">Luz Helena Rodr\u00edguez<\/h2>\t\t\t\t<\/div>\n\t\t\t\t<\/div>\n\t\t\t\t<div class=\"elementor-element elementor-element-ce62480 elementor-widget elementor-widget-text-editor\" data-id=\"ce62480\" data-element_type=\"widget\" data-widget_type=\"text-editor.default\">\n\t\t\t\t<div class=\"elementor-widget-container\">\n\t\t\t\t\t\t\t\t\t<p><strong>VINCULACI\u00d3N COMERCIAL<\/strong><\/p><p>314 360 0207<\/p>\t\t\t\t\t\t\t\t<\/div>\n\t\t\t\t<\/div>\n\t\t\t\t<\/div>\n\t\t<div class=\"elementor-element elementor-element-aaf6890 e-con-full e-flex e-con e-child\" data-id=\"aaf6890\" data-element_type=\"container\">\n\t\t\t\t<div class=\"elementor-element elementor-element-0180c04 elementor-widget elementor-widget-image\" data-id=\"0180c04\" data-element_type=\"widget\" data-widget_type=\"image.default\">\n\t\t\t\t<div class=\"elementor-widget-container\">\n\t\t\t\t\t\t\t\t\t\t\t\t\t\t\t<img fetchpriority=\"high\" decoding=\"async\" width=\"300\" height=\"399\" src=\"https:\/\/ssi.org.co\/open\/wp-content\/uploads\/2025\/09\/Avatar.webp\" class=\"attachment-large size-large wp-image-197\" alt=\"\" srcset=\"https:\/\/ssi.org.co\/open\/wp-content\/uploads\/2025\/09\/Avatar.webp 300w, https:\/\/ssi.org.co\/open\/wp-content\/uploads\/2025\/09\/Avatar-226x300.webp 226w\" sizes=\"(max-width: 300px) 100vw, 300px\" \/>\t\t\t\t\t\t\t\t\t\t\t\t\t\t\t<\/div>\n\t\t\t\t<\/div>\n\t\t\t\t<div class=\"elementor-element elementor-element-8afa944 elementor-widget elementor-widget-heading\" data-id=\"8afa944\" data-element_type=\"widget\" data-widget_type=\"heading.default\">\n\t\t\t\t<div class=\"elementor-widget-container\">\n\t\t\t\t\t<h2 class=\"elementor-heading-title elementor-size-default\">Aliut Pe\u00f1a<\/h2>\t\t\t\t<\/div>\n\t\t\t\t<\/div>\n\t\t\t\t<div class=\"elementor-element elementor-element-44eb1b9 elementor-widget elementor-widget-text-editor\" data-id=\"44eb1b9\" data-element_type=\"widget\" data-widget_type=\"text-editor.default\">\n\t\t\t\t<div class=\"elementor-widget-container\">\n\t\t\t\t\t\t\t\t\t<p><strong>VINCULACI\u00d3N COMERCIAL<\/strong><\/p><p>316 697 9153<\/p>\t\t\t\t\t\t\t\t<\/div>\n\t\t\t\t<\/div>\n\t\t\t\t<\/div>\n\t\t\t\t\t<\/div>\n\t\t\t\t<\/div>\n\t\t\t\t<\/div>\n\t\t","protected":false},"excerpt":{"rendered":"<p>Nuestro Equipo Ing. Edward Salamanca DIRECTOR EJECUTIVO 318 494 3097 Luz Helena Rodr\u00edguez VINCULACI\u00d3N COMERCIAL 314 360 0207 Aliut Pe\u00f1a VINCULACI\u00d3N COMERCIAL 316 697 9153<\/p>\n","protected":false},"author":1,"featured_media":0,"parent":0,"menu_order":0,"comment_status":"closed","ping_status":"closed","template":"","meta":{"footnotes":""},"class_list":["post-33","page","type-page","status-publish","hentry"],"_links":{"self":[{"href":"https:\/\/ssi.org.co\/open\/wp-json\/wp\/v2\/pages\/33","targetHints":{"allow":["GET"]}}],"collection":[{"href":"https:\/\/ssi.org.co\/open\/wp-json\/wp\/v2\/pages"}],"about":[{"href":"https:\/\/ssi.org.co\/open\/wp-json\/wp\/v2\/types\/page"}],"author":[{"embeddable":true,"href":"https:\/\/ssi.org.co\/open\/wp-json\/wp\/v2\/users\/1"}],"replies":[{"embeddable":true,"href":"https:\/\/ssi.org.co\/open\/wp-json\/wp\/v2\/comments?post=33"}],"version-history":[{"count":22,"href":"https:\/\/ssi.org.co\/open\/wp-json\/wp\/v2\/pages\/33\/revisions"}],"predecessor-version":[{"id":475,"href":"https:\/\/ssi.org.co\/open\/wp-json\/wp\/v2\/pages\/33\/revisions\/475"}],"wp:attachment":[{"href":"https:\/\/ssi.org.co\/open\/wp-json\/wp\/v2\/media?parent=33"}],"curies":[{"name":"wp","href":"https:\/\/api.w.org\/{rel}","templated":true}]}}